{"id":10,"date":"2025-07-15T13:47:52","date_gmt":"2025-07-15T13:47:52","guid":{"rendered":"https:\/\/drrebert.fr\/?page_id=10"},"modified":"2026-01-15T14:04:36","modified_gmt":"2026-01-15T14:04:36","slug":"dr-rebert-yannick-en-construction","status":"publish","type":"page","link":"https:\/\/drrebert.fr\/","title":{"rendered":"Dr REBERT YANNICK -CHIRURGIEN DENTISTE"},"content":{"rendered":"\n<div class=\"wp-block-group has-background has-global-padding is-layout-constrained wp-block-group-is-layout-constrained\" style=\"background-color:#2d6cab\">\n<p class=\"has-text-align-center\"><em><strong>OUVERTURE LE 26\/01\/2026<\/strong><\/em> sur rendez-vous<\/p>\n\n\n\n<h2 class=\"wp-block-heading has-text-align-center\"><em>Mise \u00e0 jour le 14\/01\/2026<\/em><\/h2>\n\n\n\n<h2 class=\"wp-block-heading has-text-align-center\">Lieu: XIII CONCISE &#8211; 13 avenue du L\u00e9man &#8211; 74200 THONON les BAINS<\/h2>\n\n\n\n<p class=\"has-text-align-center\"><strong>contact<\/strong> : T\u00e9l : 04.50.59.82.39 (d\u00e8s le 26\/01\/26)<\/p>\n\n\n\n<p class=\"has-text-align-center\">secretariat@drrebert.fr  <\/p>\n\n\n\n<figure class=\"wp-block-image size-full is-resized is-style-rounded\"><img loading=\"lazy\" decoding=\"async\" width=\"960\" height=\"971\" src=\"http:\/\/drrebert.fr\/wp-content\/uploads\/2025\/07\/Modification-logo-dent-montagne.png\" alt=\"\" class=\"wp-image-12\" style=\"width:612px;height:auto\" srcset=\"https:\/\/drrebert.fr\/wp-content\/uploads\/2025\/07\/Modification-logo-dent-montagne.png 960w, https:\/\/drrebert.fr\/wp-content\/uploads\/2025\/07\/Modification-logo-dent-montagne-297x300.png 297w\" sizes=\"auto, (max-width: 960px) 100vw, 960px\" \/><\/figure>\n<\/div>\n","protected":false},"excerpt":{"rendered":"<p>OUVERTURE LE 26\/01\/2026 sur rendez-vous Mise \u00e0 jour le 14\/01\/2026 Lieu: XIII CONCISE &#8211; 13 avenue du L\u00e9man &#8211; 74200 THONON les BAINS contact : T\u00e9l : 04.50.59.82.39 (d\u00e8s le 26\/01\/26) secretariat@drrebert.fr<\/p>\n","protected":false},"author":1,"featured_media":0,"parent":0,"menu_order":0,"comment_status":"closed","ping_status":"closed","template":"","meta":{"om_disable_all_campaigns":false,"_monsterinsights_skip_tracking":false,"_monsterinsights_sitenote_active":false,"_monsterinsights_sitenote_note":"","_monsterinsights_sitenote_category":0,"footnotes":""},"class_list":["post-10","page","type-page","status-publish","hentry"],"aioseo_notices":[],"_links":{"self":[{"href":"https:\/\/drrebert.fr\/index.php?rest_route=\/wp\/v2\/pages\/10","targetHints":{"allow":["GET"]}}],"collection":[{"href":"https:\/\/drrebert.fr\/index.php?rest_route=\/wp\/v2\/pages"}],"about":[{"href":"https:\/\/drrebert.fr\/index.php?rest_route=\/wp\/v2\/types\/page"}],"author":[{"embeddable":true,"href":"https:\/\/drrebert.fr\/index.php?rest_route=\/wp\/v2\/users\/1"}],"replies":[{"embeddable":true,"href":"https:\/\/drrebert.fr\/index.php?rest_route=%2Fwp%2Fv2%2Fcomments&post=10"}],"version-history":[{"count":13,"href":"https:\/\/drrebert.fr\/index.php?rest_route=\/wp\/v2\/pages\/10\/revisions"}],"predecessor-version":[{"id":48,"href":"https:\/\/drrebert.fr\/index.php?rest_route=\/wp\/v2\/pages\/10\/revisions\/48"}],"wp:attachment":[{"href":"https:\/\/drrebert.fr\/index.php?rest_route=%2Fwp%2Fv2%2Fmedia&parent=10"}],"curies":[{"name":"wp","href":"https:\/\/api.w.org\/{rel}","templated":true}]}}